{"id":62,"date":"2021-04-20T04:08:23","date_gmt":"2021-04-20T04:08:23","guid":{"rendered":"http:\/\/aquaingenieriasas.com\/?page_id=62"},"modified":"2024-05-06T20:47:44","modified_gmt":"2024-05-06T20:47:44","slug":"home-02","status":"publish","type":"page","link":"https:\/\/aquaingenieriasas.com\/","title":{"rendered":"Home 02"},"content":{"rendered":"<p>[vc_row css=\u00bb.vc_custom_1707525542225{margin-top: 0px !important;}\u00bb][vc_column]\n\t\t\t<!-- START mass_home21 REVOLUTION SLIDER 6.5.6 --><p class=\"rs-p-wp-fix\"><\/p>\n\t\t\t<rs-module-wrap id=\"rev_slider_7_1_wrapper\" data-source=\"gallery\" style=\"visibility:hidden;background:transparent;padding:0;margin:0px auto;margin-top:0;margin-bottom:0;\">\n\t\t\t\t<rs-module id=\"rev_slider_7_1\" style=\"\" data-version=\"6.5.6\">\n\t\t\t\t\t<rs-slides>\n\t\t\t\t\t\t<rs-slide style=\"position: absolute;\" data-key=\"rs-15\" data-title=\"Slide\" data-in=\"o:0;\" data-out=\"a:false;\">\n\t\t\t\t\t\t\t<img decoding=\"async\" src=\"\/\/aquaingenieriasas.com\/wp-content\/plugins\/revslider\/public\/assets\/assets\/dummy.png\" title=\"Home 02\" class=\"rev-slidebg tp-rs-img rs-lazyload\" data-lazyload=\"\/\/aquaingenieriasas.com\/wp-content\/plugins\/revslider\/public\/assets\/assets\/transparent.png\" data-parallax=\"off\" data-no-retina>\n\t\t\t\t\t\t\t<rs-bgvideo \n\t\t\t\t\t\t\t\tdata-video=\"vc:none;w:100%;h:100%;nse:false;l:true;ptimer:false;\"\n\t\t\t\t\t\t\t\tdata-ytid=\"GLtNVZXdWkc\"\n\t\t\t\t\t\t\t\tdata-vatr=\"version=3&amp;enablejsapi=1&amp;html5=1&amp;hd=1&amp;wmode=opaque&amp;showinfo=0&amp;rel=0&amp;origin=https:\/\/aquaingenieriasas.com;\"\n\t\t\t\t\t\t\t><\/rs-bgvideo>\n<!---->\t\t\t\t\t\t<\/rs-slide>\n\t\t\t\t\t<\/rs-slides>\n\t\t\t\t<\/rs-module>\n\t\t\t\t<script type=\"text\/javascript\">\n\t\t\t\t\tsetREVStartSize({c: 'rev_slider_7_1',rl:[1240,1024,778,480],el:[540,600,400,400],gw:[1240,1024,778,480],gh:[540,600,400,400],type:'standard',justify:'',layout:'fullwidth',mh:\"0\"});if (window.RS_MODULES!==undefined && window.RS_MODULES.modules!==undefined && window.RS_MODULES.modules[\"revslider71\"]!==undefined) {window.RS_MODULES.modules[\"revslider71\"].once = false;window.revapi7 = undefined;if (window.RS_MODULES.checkMinimal!==undefined) window.RS_MODULES.checkMinimal()}\n\t\t\t\t<\/script>\n\t\t\t<\/rs-module-wrap>\n\t\t\t<!-- END REVOLUTION SLIDER -->\n[\/vc_column][\/vc_row][vc_row][vc_column][g5element_space spacing_md=\u00bb30&#8243;][g5element_space spacing_md=\u00bb30&#8243;][\/vc_column][\/vc_row][vc_row][vc_column width=\u00bb1\/2&#8243;][vc_single_image image=\u00bb3102&#8243; img_size=\u00bbfull\u00bb][\/vc_column][vc_column width=\u00bb1\/2&#8243;][vc_column_text]<\/p>\n<h5>AQUA INGENIERIA AMBIENTAL S A S es una empresa especializada en sistemas para el tratamiento de aguas residuales dom\u00e9sticas e industriales, y consultor\u00eda ambiental Conformada por un equipo multidisciplinario en ingenier\u00eda, constantemente dispuesto a generar e implementar conocimientos y estrategias de vanguardia para proteger el medio ambiente contando con la experiencia de m\u00e1s de 30 a\u00f1os del gestor.<\/h5>\n<p><a href=\"http:\/\/aquaingenieriasas.com\/?page_id=164\"><img loading=\"lazy\" decoding=\"async\" class=\"alignnone size-medium wp-image-3229\" src=\"http:\/\/aquaingenieriasas.com\/wp-content\/uploads\/2024\/02\/n2-300x81.png\" alt=\"\" width=\"300\" height=\"81\" srcset=\"https:\/\/aquaingenieriasas.com\/wp-content\/uploads\/2024\/02\/n2-300x81.png 300w, https:\/\/aquaingenieriasas.com\/wp-content\/uploads\/2024\/02\/n2.png 506w\" sizes=\"auto, (max-width: 300px) 100vw, 300px\" \/><\/a>[\/vc_column_text][\/vc_column][\/vc_row][vc_row][vc_column][g5element_space spacing=\u00bb45&#8243; spacing_md=\u00bb20&#8243;][g5element_space spacing=\u00bb30&#8243; spacing_md=\u00bb10&#8243;][\/vc_column][\/vc_row][vc_row][vc_column width=\u00bb1\/4&#8243;][g5element_banner banner_title=\u00bb\u00bb banner_description=\u00bbL\u00ednea Ambiental\u00bb description_typography=\u00bb%7B%22font_family%22%3A%22%22%2C%22font_weight%22%3A%22%22%2C%22font_style%22%3A%22%22%2C%22font_size_lg%22%3A%2230%22%2C%22font_size_md%22%3A%2240%22%2C%22font_size_sm%22%3A%22%22%2C%22font_size_xs%22%3A%22%22%2C%22align%22%3A%22%22%2C%22text_transform%22%3A%22%22%2C%22line_height%22%3A%22%22%2C%22letter_spacing%22%3A%22%22%2C%22color%22%3A%22%22%2C%22hover_color%22%3A%22%22%7D\u00bb hover_image_effect=\u00bbzoom-in\u00bb size_mode=\u00bb133.333333333&#8243; hover_mode=\u00bbshow-all\u00bb banner_btn_title=\u00bbAbrir Ahora\u00bb button_size=\u00bbsm\u00bb button_color=\u00bbdark\u00bb el_class=\u00bbcustom-banner-05 xs-banner-pb-100&#8243; image=\u00bb3254&#8243; link=\u00bburl:http%3A%2F%2Faquaingenieriasas.com%2F%3Fpage_id%3D3259&#8243;]Content on the Banner[\/g5element_banner][\/vc_column][vc_column width=\u00bb1\/4&#8243;][g5element_banner banner_title=\u00bb\u00bb banner_description=\u00bbSistema de Potabilizaci\u00f3n\u00bb description_typography=\u00bb%7B%22font_family%22%3A%22%22%2C%22font_weight%22%3A%22%22%2C%22font_style%22%3A%22%22%2C%22font_size_lg%22%3A%2230%22%2C%22font_size_md%22%3A%2240%22%2C%22font_size_sm%22%3A%22%22%2C%22font_size_xs%22%3A%22%22%2C%22align%22%3A%22%22%2C%22text_transform%22%3A%22%22%2C%22line_height%22%3A%22%22%2C%22letter_spacing%22%3A%22%22%2C%22color%22%3A%22%22%2C%22hover_color%22%3A%22%22%7D\u00bb hover_image_effect=\u00bbzoom-in\u00bb size_mode=\u00bb133.333333333&#8243; hover_mode=\u00bbshow-all\u00bb banner_btn_title=\u00bbAbrir Ahora\u00bb button_size=\u00bbsm\u00bb button_color=\u00bbdark\u00bb el_class=\u00bbcustom-banner-05 xs-banner-pb-100&#8243; image=\u00bb3358&#8243; link=\u00bburl:http%3A%2F%2Faquaingenieriasas.com%2F%3Fpage_id%3D3270&#8243;]Content on the Banner[\/g5element_banner][\/vc_column][vc_column width=\u00bb1\/4&#8243;][g5element_banner banner_title=\u00bb\u00bb banner_description=\u00bbL\u00ednea Sanitaria\u00bb description_typography=\u00bb%7B%22font_family%22%3A%22%22%2C%22font_weight%22%3A%22%22%2C%22font_style%22%3A%22%22%2C%22font_size_lg%22%3A%2230%22%2C%22font_size_md%22%3A%2240%22%2C%22font_size_sm%22%3A%22%22%2C%22font_size_xs%22%3A%22%22%2C%22align%22%3A%22%22%2C%22text_transform%22%3A%22%22%2C%22line_height%22%3A%22%22%2C%22letter_spacing%22%3A%22%22%2C%22color%22%3A%22%22%2C%22hover_color%22%3A%22%22%7D\u00bb hover_image_effect=\u00bbzoom-in\u00bb size_mode=\u00bb133.333333333&#8243; hover_mode=\u00bbshow-all\u00bb banner_btn_title=\u00bbAbrir Ahora\u00bb button_size=\u00bbsm\u00bb button_color=\u00bbdark\u00bb el_class=\u00bbcustom-banner-05 xs-banner-pb-100&#8243; image=\u00bb3244&#8243; link=\u00bburl:http%3A%2F%2Faquaingenieriasas.com%2F%3Fpage_id%3D3275&#8243;]Content on the Banner[\/g5element_banner][\/vc_column][vc_column width=\u00bb1\/4&#8243;][g5element_banner banner_title=\u00bb\u00bb banner_description=\u00bbMetalmec\u00e1nica y Fabricaci\u00f3n\u00bb description_typography=\u00bb%7B%22font_family%22%3A%22%22%2C%22font_weight%22%3A%22%22%2C%22font_style%22%3A%22%22%2C%22font_size_lg%22%3A%2230%22%2C%22font_size_md%22%3A%2240%22%2C%22font_size_sm%22%3A%22%22%2C%22font_size_xs%22%3A%22%22%2C%22align%22%3A%22%22%2C%22text_transform%22%3A%22%22%2C%22line_height%22%3A%22%22%2C%22letter_spacing%22%3A%22%22%2C%22color%22%3A%22%22%2C%22hover_color%22%3A%22%22%7D\u00bb hover_image_effect=\u00bbzoom-in\u00bb size_mode=\u00bb133.333333333&#8243; hover_mode=\u00bbshow-all\u00bb banner_btn_title=\u00bbAbrir Ahora\u00bb button_size=\u00bbsm\u00bb button_color=\u00bbdark\u00bb el_class=\u00bbcustom-banner-05 xs-banner-pb-100&#8243; image=\u00bb3249&#8243; link=\u00bburl:http%3A%2F%2Faquaingenieriasas.com%2F%3Fpage_id%3D3282&#8243;]Content on the Banner[\/g5element_banner][\/vc_column][\/vc_row][vc_row][vc_column][g5element_space spacing=\u00bb30&#8243; spacing_md=\u00bb10&#8243;][g5element_space spacing_md=\u00bb30&#8243;][g5element_heading layout_style=\u00bbstyle-02&#8243; title=\u00bbGaler\u00eda Fotogr\u00e1fica\u00bb title_typography=\u00bb%7B%22font_family%22%3A%22%22%2C%22font_weight%22%3A%22%22%2C%22font_style%22%3A%22%22%2C%22font_size_lg%22%3A%2237%22%2C%22font_size_md%22%3A%22%22%2C%22font_size_sm%22%3A%22%22%2C%22font_size_xs%22%3A%22%22%2C%22align%22%3A%22%22%2C%22text_transform%22%3A%22%22%2C%22line_height%22%3A%22%22%2C%22letter_spacing%22%3A%22%22%2C%22color%22%3A%22%22%2C%22hover_color%22%3A%22%22%7D\u00bb][g5element_space spacing_md=\u00bb30&#8243;][g5element_gallery layout=\u00bbjustified\u00bb images=\u00bb3231,3232,3356,3234,3235,3239,3240,3241,3358,3244,3242,3351,3383,3380,3379,3382&#8243;][\/vc_column][\/vc_row][vc_row el_class=\u00bbvc-col-no-pt g5core__vc-width-1200&#8243;][vc_column][g5element_space spacing=\u00bb110&#8243; spacing_md=\u00bb67&#8243;][g5element_heading layout_style=\u00bbstyle-02&#8243; title=\u00bbRese\u00f1as de Clientes\u00bb title_typography=\u00bb%7B%22font_family%22%3A%22%22%2C%22font_weight%22%3A%22%22%2C%22font_style%22%3A%22%22%2C%22font_size_lg%22%3A%2237%22%2C%22font_size_md%22%3A%22%22%2C%22font_size_sm%22%3A%22%22%2C%22font_size_xs%22%3A%22%22%2C%22align%22%3A%22%22%2C%22text_transform%22%3A%22%22%2C%22line_height%22%3A%22%22%2C%22letter_spacing%22%3A%22%22%2C%22color%22%3A%22%22%2C%22hover_color%22%3A%22%22%7D\u00bb][g5element_space spacing=\u00bb45&#8243; spacing_md=\u00bb20&#8243;][g5element_slider_container slides_to_show=\u00bb3&#8243; columns_md=\u00bb2&#8243; columns_sm=\u00bb2&#8243; columns_xs=\u00bb1&#8243; dots_navigation=\u00bb\u00bb autoplay_enable=\u00bbon\u00bb infinite_loop=\u00bbon\u00bb margin_item=\u00bb60&#8243;][g5element_testimonial layout_style=\u00bbstyle-01&#8243; align=\u00bbcenter\u00bb author_avatar=\u00bb3219&#8243; author_name=\u00bbCarlos Restrepo\u00bb author_job=\u00bb\u00bb author_bio=\u00bbServicios Profesionales ag\u00edles y eficientes. Recomiendo el trabajo de aqua ingenieria por su gesti\u00f3n en mi empresa y la vocaci\u00f3n empleada en la implementaci\u00f3n.\u00bb content_quote=\u00bbon\u00bb author_link=\u00bb\u00bb][g5element_testimonial layout_style=\u00bbstyle-01&#8243; align=\u00bbcenter\u00bb author_avatar=\u00bb3219&#8243; author_name=\u00bbBertha Giraldo\u00bb author_job=\u00bb\u00bb author_bio=\u00bbInstalaci\u00f3n impecable en sistema sencillo de acueducto, alcantarillado y PTAR en conjunto residencial. Gracias por su trabajo y su calidad.\u00bb content_quote=\u00bbon\u00bb author_link=\u00bb\u00bb][g5element_testimonial layout_style=\u00bbstyle-01&#8243; align=\u00bbcenter\u00bb author_avatar=\u00bb3219&#8243; author_name=\u00bbMiriam Nava Velasco\u00bb author_job=\u00bb\u00bb author_bio=\u00bbMantenimiento preventivo y correctivo a cabalidad en cada pieza y equipo de la planta de potabilizaci\u00f3n. Un equipo confiable por mas de 10 a\u00f1os.\u00bb content_quote=\u00bbon\u00bb author_link=\u00bb\u00bb][\/g5element_slider_container][g5element_space spacing=\u00bb90&#8243; spacing_md=\u00bb22&#8243;][\/vc_column][\/vc_row][vc_row el_class=\u00bbvc-col-no-pt g5core__vc-width-1200&#8243;][vc_column][g5element_heading layout_style=\u00bbstyle-02&#8243; title=\u00bbAs\u00ed Estamos Ubicados\u00bb title_typography=\u00bb%7B%22font_family%22%3A%22%22%2C%22font_weight%22%3A%22%22%2C%22font_style%22%3A%22%22%2C%22font_size_lg%22%3A%2240%22%2C%22font_size_md%22%3A%22%22%2C%22font_size_sm%22%3A%22%22%2C%22font_size_xs%22%3A%22%22%2C%22align%22%3A%22%22%2C%22text_transform%22%3A%22%22%2C%22line_height%22%3A%22%22%2C%22letter_spacing%22%3A%22%22%2C%22color%22%3A%22%22%2C%22hover_color%22%3A%22%22%7D\u00bb][g5element_space spacing=\u00bb30&#8243; spacing_md=\u00bb10&#8243;][\/vc_column][\/vc_row][vc_row][vc_column css=\u00bb.vc_custom_1645501272956{margin: 10px !important;}\u00bb][g5element_heading layout_style=\u00bbstyle-02&#8243; title=\u00bbPH Aseguradora Anc\u00f3n, S A &#8211; Costa del Este AV. Principal\u00bb tag_html=\u00bb6&#8243; switch_line_field=\u00bbon\u00bb line_separate_color=\u00bbsecondary\u00bb title_typography=\u00bb%7B%22font_family%22%3A%22%22%2C%22font_weight%22%3A%22%22%2C%22font_style%22%3A%22%22%2C%22font_size_lg%22%3A%2220%22%2C%22font_size_md%22%3A%22%22%2C%22font_size_sm%22%3A%22%22%2C%22font_size_xs%22%3A%22%22%2C%22align%22%3A%22%22%2C%22text_transform%22%3A%22%22%2C%22line_height%22%3A%22%22%2C%22letter_spacing%22%3A%22%22%2C%22color%22%3A%22secondary%22%2C%22hover_color%22%3A%22%22%7D\u00bb][vc_raw_html css=\u00bb.vc_custom_1707525971206{margin-top: 20px !important;margin-right: 20px !important;margin-bottom: 20px !important;margin-left: 20px !important;}\u00bb]JTNDaWZyYW1lJTIwc3JjJTNEJTIyaHR0cHMlM0ElMkYlMkZ3d3cuZ29vZ2xlLmNvbSUyRm1hcHMlMkZlbWJlZCUzRnBiJTNEJTIxMW0xOCUyMTFtMTIlMjExbTMlMjExZDMwNzI0Ljg2MzQ3OTY2MTI5MyUyMTJkLTc5LjQ5OTYxMzg5ODAzNzkxJTIxM2Q5LjAxOTg0ODc2MzkwNzc1NiUyMTJtMyUyMTFmMCUyMTJmMCUyMTNmMCUyMTNtMiUyMTFpMTAyNCUyMTJpNzY4JTIxNGYxMy4xJTIxM20zJTIxMW0yJTIxMXMweDhmYWNhOThjYjc5MmI3ZGIlMjUzQTB4YmY1NThiN2VhZjdmNTI1ZCUyMTJzQXNlZ3VyYWRvcmElMjUyMEFuYyUyNUMzJTI1QjNuJTI1MkMlMjUyMFMlMjUyMEElMjUyMC0lMjUyMENvc3RhJTI1MjBkZWwlMjUyMEVzdGUlMjE1ZTAlMjEzbTIlMjExc2VzLTQxOSUyMTJzY28lMjE0djE3MDc1MjU4MDQ4MjklMjE1bTIlMjExc2VzLTQxOSUyMTJzY28lMjIlMjB3aWR0aCUzRCUyMjEwMCUyNSUyMiUyMGhlaWdodCUzRCUyMjM1MCUyMiUyMHN0eWxlJTNEJTIyYm9yZGVyJTNBMCUzQiUyMiUyMGFsbG93ZnVsbHNjcmVlbiUzRCUyMiUyMiUyMGxvYWRpbmclM0QlMjJsYXp5JTIyJTIwcmVmZXJyZXJwb2xpY3klM0QlMjJuby1yZWZlcnJlci13aGVuLWRvd25ncmFkZSUyMiUzRSUzQyUyRmlmcmFtZSUzRQ==[\/vc_raw_html][\/vc_column][\/vc_row][vc_row el_class=\u00bbvc-col-no-pt g5core__vc-width-1200&#8243;][vc_column][g5element_space spacing=\u00bb90&#8243; spacing_md=\u00bb67&#8243;][g5element_heading layout_style=\u00bbstyle-02&#8243; title=\u00bbNuestro Blog\u00bb title_typography=\u00bb%7B%22font_family%22%3A%22%22%2C%22font_weight%22%3A%22%22%2C%22font_style%22%3A%22%22%2C%22font_size_lg%22%3A%2240%22%2C%22font_size_md%22%3A%22%22%2C%22font_size_sm%22%3A%22%22%2C%22font_size_xs%22%3A%22%22%2C%22align%22%3A%22%22%2C%22text_transform%22%3A%22%22%2C%22line_height%22%3A%22%22%2C%22letter_spacing%22%3A%22%22%2C%22color%22%3A%22%22%2C%22hover_color%22%3A%22%22%7D\u00bb][g5element_space spacing=\u00bb57&#8243; spacing_md=\u00bb40&#8243;][g5element_posts_slider posts_per_page=\u00bb3&#8243; columns_xl=\u00bb3&#8243; columns_lg=\u00bb3&#8243; columns_md=\u00bb2&#8243; columns_sm=\u00bb2&#8243; columns=\u00bb1&#8243; slider_auto_height_enable=\u00bb\u00bb post_image_size=\u00bb370&#215;240&#8243; ids=\u00bb\u00bb][g5element_space spacing=\u00bb90&#8243; spacing_md=\u00bb45&#8243;][\/vc_column][\/vc_row][vc_row full_width=\u00bbstretch_row\u00bb css=\u00bb.vc_custom_1620121008299{border-bottom-width: 1px !important;border-bottom-color: #eeeeee !important;border-bottom-style: solid !important;}\u00bb el_class=\u00bbvc-col-no-pt custom-client-logo-mw-134&#8243;][vc_column][g5element_heading layout_style=\u00bbstyle-02&#8243; title=\u00bbNuestros Clientes\u00bb tag_html=\u00bb3&#8243; switch_line_field=\u00bbon\u00bb line_separate_color=\u00bbdark\u00bb title_typography=\u00bb%7B%22font_family%22%3A%22%22%2C%22font_weight%22%3A%22%22%2C%22font_style%22%3A%22%22%2C%22font_size_lg%22%3A%2230%22%2C%22font_size_md%22%3A%22%22%2C%22font_size_sm%22%3A%22%22%2C%22font_size_xs%22%3A%22%22%2C%22align%22%3A%22%22%2C%22text_transform%22%3A%22%22%2C%22line_height%22%3A%22%22%2C%22letter_spacing%22%3A%22%22%2C%22color%22%3A%22primary%22%2C%22hover_color%22%3A%22%22%7D\u00bb][g5element_space spacing=\u00bb35&#8243;][g5element_slider_container slides_to_show=\u00bb7&#8243; columns_lg=\u00bb5&#8243; columns_md=\u00bb4&#8243; columns_sm=\u00bb3&#8243; columns_xs=\u00bb2&#8243; navigation_arrow=\u00bb\u00bb dots_navigation=\u00bb\u00bb autoplay_enable=\u00bb\u00bb][g5element_client_logo image=\u00bb3349&#8243; opacity=\u00bb50&#8243; opacity_hover=\u00bb100&#8243; link=\u00bburl:%23&#8243;][g5element_client_logo image=\u00bb3348&#8243; opacity=\u00bb50&#8243; opacity_hover=\u00bb100&#8243; link=\u00bburl:%23&#8243;][g5element_client_logo image=\u00bb3347&#8243; opacity=\u00bb50&#8243; opacity_hover=\u00bb100&#8243; link=\u00bburl:%23&#8243;][g5element_client_logo image=\u00bb3346&#8243; opacity=\u00bb50&#8243; opacity_hover=\u00bb100&#8243; link=\u00bburl:%23&#8243;][g5element_client_logo image=\u00bb3345&#8243; opacity=\u00bb50&#8243; opacity_hover=\u00bb100&#8243; link=\u00bburl:%23&#8243;][g5element_client_logo image=\u00bb3343&#8243; opacity=\u00bb50&#8243; opacity_hover=\u00bb100&#8243; link=\u00bburl:%23&#8243;][g5element_client_logo image=\u00bb3342&#8243; opacity=\u00bb50&#8243; opacity_hover=\u00bb100&#8243; link=\u00bburl:%23&#8243;][\/g5element_slider_container][g5element_space spacing=\u00bb28&#8243;][g5element_space spacing=\u00bb35&#8243;][\/vc_column][\/vc_row]<\/p>\n","protected":false},"excerpt":{"rendered":"<p>[vc_row css=\u00bb.vc_custom_1707525542225{margin-top: 0px !important;}\u00bb][vc_column][\/vc_column][\/vc_row][vc_row][vc_column][g5element_space spacing_md=\u00bb30&#8243;][g5element_space spacing_md=\u00bb30&#8243;][\/vc_column][\/vc_row][vc_row][vc_column width=\u00bb1\/2&#8243;][vc_single_image image=\u00bb3102&#8243; img_size=\u00bbfull\u00bb][\/vc_column][vc_column width=\u00bb1\/2&#8243;][vc_column_text] AQUA INGENIERIA AMBIENTAL S A S es una empresa especializada en sistemas para el tratamiento de aguas residuales dom\u00e9sticas e industriales, y consultor\u00eda ambiental Conformada por un equipo multidisciplinario en ingenier\u00eda, constantemente dispuesto a generar e implementar conocimientos y estrategias de vanguardia para proteger el [&hellip;]<\/p>\n","protected":false},"author":1,"featured_media":0,"parent":0,"menu_order":0,"comment_status":"closed","ping_status":"closed","template":"","meta":{"footnotes":""},"class_list":["post-62","page","type-page","status-publish","hentry"],"_links":{"self":[{"href":"https:\/\/aquaingenieriasas.com\/index.php?rest_route=\/wp\/v2\/pages\/62","targetHints":{"allow":["GET"]}}],"collection":[{"href":"https:\/\/aquaingenieriasas.com\/index.php?rest_route=\/wp\/v2\/pages"}],"about":[{"href":"https:\/\/aquaingenieriasas.com\/index.php?rest_route=\/wp\/v2\/types\/page"}],"author":[{"embeddable":true,"href":"https:\/\/aquaingenieriasas.com\/index.php?rest_route=\/wp\/v2\/users\/1"}],"replies":[{"embeddable":true,"href":"https:\/\/aquaingenieriasas.com\/index.php?rest_route=%2Fwp%2Fv2%2Fcomments&post=62"}],"version-history":[{"count":117,"href":"https:\/\/aquaingenieriasas.com\/index.php?rest_route=\/wp\/v2\/pages\/62\/revisions"}],"predecessor-version":[{"id":3384,"href":"https:\/\/aquaingenieriasas.com\/index.php?rest_route=\/wp\/v2\/pages\/62\/revisions\/3384"}],"wp:attachment":[{"href":"https:\/\/aquaingenieriasas.com\/index.php?rest_route=%2Fwp%2Fv2%2Fmedia&parent=62"}],"curies":[{"name":"wp","href":"https:\/\/api.w.org\/{rel}","templated":true}]}}