{"id":3298,"date":"2024-02-13T01:54:39","date_gmt":"2024-02-13T01:54:39","guid":{"rendered":"http:\/\/aquaingenieriasas.com\/?page_id=3298"},"modified":"2024-02-13T02:02:10","modified_gmt":"2024-02-13T02:02:10","slug":"servicios","status":"publish","type":"page","link":"https:\/\/aquaingenieriasas.com\/?page_id=3298","title":{"rendered":"Servicios"},"content":{"rendered":"<ul class=\"sub-menu x-animated x-fadeInUp\">\n<li id=\"menu-item-3297\" class=\"menu-item menu-item-type-post_type menu-item-object-page menu-item-3297\" data-transition=\"x-fadeInUp\">\n<h4><a class=\"x-menu-link\" href=\"http:\/\/aquaingenieriasas.com\/?page_id=3259\"><span class=\"x-menu-link-text\">Servicios Ambientales<\/span><\/a><\/h4>\n<\/li>\n<li id=\"menu-item-3296\" class=\"menu-item menu-item-type-post_type menu-item-object-page menu-item-3296\" data-transition=\"x-fadeInUp\">\n<h4><a class=\"x-menu-link\" href=\"http:\/\/aquaingenieriasas.com\/?page_id=3270\"><span class=\"x-menu-link-text\">Obra Civil<\/span><\/a><\/h4>\n<\/li>\n<li id=\"menu-item-3295\" class=\"menu-item menu-item-type-post_type menu-item-object-page menu-item-3295\" data-transition=\"x-fadeInUp\">\n<h4><a class=\"x-menu-link\" href=\"http:\/\/aquaingenieriasas.com\/?page_id=3275\"><span class=\"x-menu-link-text\">L\u00ednea Sanitaria<\/span><\/a><\/h4>\n<\/li>\n<li id=\"menu-item-3293\" class=\"menu-item menu-item-type-post_type menu-item-object-page menu-item-3293\" data-transition=\"x-fadeInUp\">\n<h4><a class=\"x-menu-link\" href=\"http:\/\/aquaingenieriasas.com\/?page_id=3282\"><span class=\"x-menu-link-text\">MetalMec\u00e1nica<\/span><\/a><\/h4>\n<\/li>\n<li id=\"menu-item-3294\" class=\"menu-item menu-item-type-post_type menu-item-object-page menu-item-3294\" data-transition=\"x-fadeInUp\">\n<h4><a class=\"x-menu-link\" href=\"http:\/\/aquaingenieriasas.com\/?page_id=3280\"><span class=\"x-menu-link-text\">Gesti\u00f3n de Calidad Ambiental<\/span><\/a><\/h4>\n<\/li>\n<li id=\"menu-item-3292\" class=\"menu-item menu-item-type-post_type menu-item-object-page menu-item-3292 x-active\" data-transition=\"x-fadeInUp\">\n<h4><a class=\"x-menu-link\" href=\"http:\/\/aquaingenieriasas.com\/?page_id=3286\"><span class=\"x-menu-link-text\">Sistemas de Automatizaci\u00f3n<\/span><\/a><\/h4>\n<\/li>\n<\/ul>\n","protected":false},"excerpt":{"rendered":"<p>Servicios Ambientales Obra Civil L\u00ednea Sanitaria MetalMec\u00e1nica Gesti\u00f3n de Calidad Ambiental Sistemas de Automatizaci\u00f3n<\/p>\n","protected":false},"author":1,"featured_media":0,"parent":0,"menu_order":0,"comment_status":"closed","ping_status":"closed","template":"","meta":{"footnotes":""},"class_list":["post-3298","page","type-page","status-publish","hentry"],"_links":{"self":[{"href":"https:\/\/aquaingenieriasas.com\/index.php?rest_route=\/wp\/v2\/pages\/3298","targetHints":{"allow":["GET"]}}],"collection":[{"href":"https:\/\/aquaingenieriasas.com\/index.php?rest_route=\/wp\/v2\/pages"}],"about":[{"href":"https:\/\/aquaingenieriasas.com\/index.php?rest_route=\/wp\/v2\/types\/page"}],"author":[{"embeddable":true,"href":"https:\/\/aquaingenieriasas.com\/index.php?rest_route=\/wp\/v2\/users\/1"}],"replies":[{"embeddable":true,"href":"https:\/\/aquaingenieriasas.com\/index.php?rest_route=%2Fwp%2Fv2%2Fcomments&post=3298"}],"version-history":[{"count":2,"href":"https:\/\/aquaingenieriasas.com\/index.php?rest_route=\/wp\/v2\/pages\/3298\/revisions"}],"predecessor-version":[{"id":3303,"href":"https:\/\/aquaingenieriasas.com\/index.php?rest_route=\/wp\/v2\/pages\/3298\/revisions\/3303"}],"wp:attachment":[{"href":"https:\/\/aquaingenieriasas.com\/index.php?rest_route=%2Fwp%2Fv2%2Fmedia&parent=3298"}],"curies":[{"name":"wp","href":"https:\/\/api.w.org\/{rel}","templated":true}]}}