{"id":3275,"date":"2024-02-12T01:48:12","date_gmt":"2024-02-12T01:48:12","guid":{"rendered":"http:\/\/aquaingenieriasas.com\/?page_id=3275"},"modified":"2024-02-12T04:01:51","modified_gmt":"2024-02-12T04:01:51","slug":"linea-sanitaria","status":"publish","type":"page","link":"https:\/\/aquaingenieriasas.com\/?page_id=3275","title":{"rendered":"L\u00ednea Sanitaria"},"content":{"rendered":"<p>[vc_row][vc_column][vc_column_text]<\/p>\n<h5><img loading=\"lazy\" decoding=\"async\" class=\"alignnone wp-image-3244\" src=\"http:\/\/aquaingenieriasas.com\/wp-content\/uploads\/2024\/02\/gdfgfdhgh-300x135.png\" alt=\"\" width=\"502\" height=\"226\" srcset=\"https:\/\/aquaingenieriasas.com\/wp-content\/uploads\/2024\/02\/gdfgfdhgh-300x135.png 300w, https:\/\/aquaingenieriasas.com\/wp-content\/uploads\/2024\/02\/gdfgfdhgh-600x269.png 600w, https:\/\/aquaingenieriasas.com\/wp-content\/uploads\/2024\/02\/gdfgfdhgh.png 718w\" sizes=\"auto, (max-width: 502px) 100vw, 502px\" \/><\/h5>\n<h5>&#8211; Ptari<br \/>\n&#8211; Stard<br \/>\n&#8211; Ptarp<br \/>\n&#8211; Sistemas de Contingencia<\/h5>\n<p>[\/vc_column_text][g5element_space spacing=\u00bb30&#8243; spacing_md=\u00bb10&#8243;][\/vc_column][\/vc_row][vc_row css=\u00bb.vc_custom_1707700117406{background-color: #eaeaea !important;}\u00bb][vc_column width=\u00bb1\/2&#8243;][vc_single_image image=\u00bb3267&#8243; img_size=\u00bbfull\u00bb][\/vc_column][vc_column width=\u00bb1\/2&#8243;][vc_column_text]<\/p>\n<h6>Aua Ingenier\u00eda Ambiental es una empresa especializada en sistemas para el tratamiento de aguas residuales dom\u00e9sticas e industriales, y consultor\u00eda ambiental Conformada por un equipo multidisciplinario en ingenier\u00eda, constantemente dispuesto a generar e implementar conocimientos y estrategias de vanguardia para proteger el medio ambiente<\/h6>\n<p><a href=\"http:\/\/aquaingenieriasas.com\/?page_id=164\"><img loading=\"lazy\" decoding=\"async\" class=\"alignnone size-medium wp-image-3229\" src=\"http:\/\/aquaingenieriasas.com\/wp-content\/uploads\/2024\/02\/n2-300x81.png\" alt=\"\" width=\"300\" height=\"81\" srcset=\"https:\/\/aquaingenieriasas.com\/wp-content\/uploads\/2024\/02\/n2-300x81.png 300w, https:\/\/aquaingenieriasas.com\/wp-content\/uploads\/2024\/02\/n2.png 506w\" sizes=\"auto, (max-width: 300px) 100vw, 300px\" \/><\/a>[\/vc_column_text][\/vc_column][\/vc_row][vc_row el_class=\u00bbvc-col-no-pt g5core__vc-width-1200&#8243;][vc_column][g5element_space spacing_md=\u00bb30&#8243;][g5element_heading layout_style=\u00bbstyle-02&#8243; title=\u00bbAs\u00ed Estamos Ubicados\u00bb title_typography=\u00bb%7B%22font_family%22%3A%22%22%2C%22font_weight%22%3A%22%22%2C%22font_style%22%3A%22%22%2C%22font_size_lg%22%3A%2240%22%2C%22font_size_md%22%3A%22%22%2C%22font_size_sm%22%3A%22%22%2C%22font_size_xs%22%3A%22%22%2C%22align%22%3A%22%22%2C%22text_transform%22%3A%22%22%2C%22line_height%22%3A%22%22%2C%22letter_spacing%22%3A%22%22%2C%22color%22%3A%22%22%2C%22hover_color%22%3A%22%22%7D\u00bb][g5element_space spacing=\u00bb30&#8243; spacing_md=\u00bb10&#8243;][\/vc_column][\/vc_row][vc_row][vc_column css=\u00bb.vc_custom_1645501272956{margin: 10px !important;}\u00bb][g5element_heading layout_style=\u00bbstyle-02&#8243; title=\u00bbPH Aseguradora Anc\u00f3n, S A &#8211; Costa del Este AV. Principal\u00bb tag_html=\u00bb6&#8243; switch_line_field=\u00bbon\u00bb line_separate_color=\u00bbsecondary\u00bb title_typography=\u00bb%7B%22font_family%22%3A%22%22%2C%22font_weight%22%3A%22%22%2C%22font_style%22%3A%22%22%2C%22font_size_lg%22%3A%2220%22%2C%22font_size_md%22%3A%22%22%2C%22font_size_sm%22%3A%22%22%2C%22font_size_xs%22%3A%22%22%2C%22align%22%3A%22%22%2C%22text_transform%22%3A%22%22%2C%22line_height%22%3A%22%22%2C%22letter_spacing%22%3A%22%22%2C%22color%22%3A%22secondary%22%2C%22hover_color%22%3A%22%22%7D\u00bb][vc_raw_html css=\u00bb.vc_custom_1707525971206{margin-top: 20px !important;margin-right: 20px !important;margin-bottom: 20px !important;margin-left: 20px !important;}\u00bb]JTNDaWZyYW1lJTIwc3JjJTNEJTIyaHR0cHMlM0ElMkYlMkZ3d3cuZ29vZ2xlLmNvbSUyRm1hcHMlMkZlbWJlZCUzRnBiJTNEJTIxMW0xOCUyMTFtMTIlMjExbTMlMjExZDMwNzI0Ljg2MzQ3OTY2MTI5MyUyMTJkLTc5LjQ5OTYxMzg5ODAzNzkxJTIxM2Q5LjAxOTg0ODc2MzkwNzc1NiUyMTJtMyUyMTFmMCUyMTJmMCUyMTNmMCUyMTNtMiUyMTFpMTAyNCUyMTJpNzY4JTIxNGYxMy4xJTIxM20zJTIxMW0yJTIxMXMweDhmYWNhOThjYjc5MmI3ZGIlMjUzQTB4YmY1NThiN2VhZjdmNTI1ZCUyMTJzQXNlZ3VyYWRvcmElMjUyMEFuYyUyNUMzJTI1QjNuJTI1MkMlMjUyMFMlMjUyMEElMjUyMC0lMjUyMENvc3RhJTI1MjBkZWwlMjUyMEVzdGUlMjE1ZTAlMjEzbTIlMjExc2VzLTQxOSUyMTJzY28lMjE0djE3MDc1MjU4MDQ4MjklMjE1bTIlMjExc2VzLTQxOSUyMTJzY28lMjIlMjB3aWR0aCUzRCUyMjEwMCUyNSUyMiUyMGhlaWdodCUzRCUyMjM1MCUyMiUyMHN0eWxlJTNEJTIyYm9yZGVyJTNBMCUzQiUyMiUyMGFsbG93ZnVsbHNjcmVlbiUzRCUyMiUyMiUyMGxvYWRpbmclM0QlMjJsYXp5JTIyJTIwcmVmZXJyZXJwb2xpY3klM0QlMjJuby1yZWZlcnJlci13aGVuLWRvd25ncmFkZSUyMiUzRSUzQyUyRmlmcmFtZSUzRQ==[\/vc_raw_html][\/vc_column][\/vc_row]<\/p>\n","protected":false},"excerpt":{"rendered":"<p>[vc_row][vc_column][vc_column_text] &#8211; Ptari &#8211; Stard &#8211; Ptarp &#8211; Sistemas de Contingencia [\/vc_column_text][g5element_space spacing=\u00bb30&#8243; spacing_md=\u00bb10&#8243;][\/vc_column][\/vc_row][vc_row css=\u00bb.vc_custom_1707700117406{background-color: #eaeaea !important;}\u00bb][vc_column width=\u00bb1\/2&#8243;][vc_single_image image=\u00bb3267&#8243; img_size=\u00bbfull\u00bb][\/vc_column][vc_column width=\u00bb1\/2&#8243;][vc_column_text] Aua Ingenier\u00eda Ambiental es una empresa especializada en sistemas para el tratamiento de aguas residuales dom\u00e9sticas e industriales, y consultor\u00eda ambiental Conformada por un equipo multidisciplinario en ingenier\u00eda, constantemente dispuesto a generar e implementar [&hellip;]<\/p>\n","protected":false},"author":1,"featured_media":0,"parent":0,"menu_order":0,"comment_status":"closed","ping_status":"closed","template":"","meta":{"footnotes":""},"class_list":["post-3275","page","type-page","status-publish","hentry"],"_links":{"self":[{"href":"https:\/\/aquaingenieriasas.com\/index.php?rest_route=\/wp\/v2\/pages\/3275","targetHints":{"allow":["GET"]}}],"collection":[{"href":"https:\/\/aquaingenieriasas.com\/index.php?rest_route=\/wp\/v2\/pages"}],"about":[{"href":"https:\/\/aquaingenieriasas.com\/index.php?rest_route=\/wp\/v2\/types\/page"}],"author":[{"embeddable":true,"href":"https:\/\/aquaingenieriasas.com\/index.php?rest_route=\/wp\/v2\/users\/1"}],"replies":[{"embeddable":true,"href":"https:\/\/aquaingenieriasas.com\/index.php?rest_route=%2Fwp%2Fv2%2Fcomments&post=3275"}],"version-history":[{"count":3,"href":"https:\/\/aquaingenieriasas.com\/index.php?rest_route=\/wp\/v2\/pages\/3275\/revisions"}],"predecessor-version":[{"id":3278,"href":"https:\/\/aquaingenieriasas.com\/index.php?rest_route=\/wp\/v2\/pages\/3275\/revisions\/3278"}],"wp:attachment":[{"href":"https:\/\/aquaingenieriasas.com\/index.php?rest_route=%2Fwp%2Fv2%2Fmedia&parent=3275"}],"curies":[{"name":"wp","href":"https:\/\/api.w.org\/{rel}","templated":true}]}}